{"id":92,"date":"2022-04-03T19:45:29","date_gmt":"2022-04-03T19:45:29","guid":{"rendered":"https:\/\/format.asp.wroc.pl\/?page_id=92"},"modified":"2024-01-25T16:07:28","modified_gmt":"2024-01-25T16:07:28","slug":"redakcja","status":"publish","type":"page","link":"https:\/\/format.asp.wroc.pl\/index.php\/redakcja\/","title":{"rendered":"REDAKCJA"},"content":{"rendered":"<p>[et_pb_section fb_built=&#8221;1&#8243; _builder_version=&#8221;4.16&#8243; _module_preset=&#8221;default&#8221; custom_padding=&#8221;0px||0px|||&#8221; global_colors_info=&#8221;{}&#8221;][et_pb_row _builder_version=&#8221;4.16&#8243; _module_preset=&#8221;default&#8221; custom_padding=&#8221;0px||0px|||&#8221; global_colors_info=&#8221;{}&#8221;][et_pb_column type=&#8221;4_4&#8243; _builder_version=&#8221;4.16&#8243; _module_preset=&#8221;default&#8221; global_colors_info=&#8221;{}&#8221;][et_pb_divider color=&#8221;#000000&#8243; _builder_version=&#8221;4.16&#8243; _module_preset=&#8221;default&#8221; custom_margin=&#8221;||0px||false|false&#8221; global_colors_info=&#8221;{}&#8221;][\/et_pb_divider][\/et_pb_column][\/et_pb_row][\/et_pb_section][et_pb_section fb_built=&#8221;1&#8243; _builder_version=&#8221;4.16&#8243; _module_preset=&#8221;default&#8221; custom_padding=&#8221;0px|||||&#8221; global_colors_info=&#8221;{}&#8221;][et_pb_row _builder_version=&#8221;4.16.0&#8243; _module_preset=&#8221;default&#8221; global_colors_info=&#8221;{}&#8221;][et_pb_column type=&#8221;4_4&#8243; _builder_version=&#8221;4.16.0&#8243; _module_preset=&#8221;default&#8221; global_colors_info=&#8221;{}&#8221;][et_pb_text _builder_version=&#8221;4.24.0&#8243; _module_preset=&#8221;default&#8221; hover_enabled=&#8221;0&#8243; global_colors_info=&#8221;{}&#8221; sticky_enabled=&#8221;0&#8243;]<\/p>\n<p>Redaktor naczelna<br \/><strong>Alicja Klimczak-Dobrzaniecka<\/strong><br \/><a href=\"mailto:a.klimczak-dobrzaniecka@asp.wroc.pl\">a.klimczak-dobrzaniecka@asp.wroc.pl<\/a><\/p>\n<p>Projekt (magazyn drukowany i strona www)<br \/><strong>Tomasz Pietrek<\/strong><br \/><a href=\"mailto:t.pietrek@asp.wroc.pl\">t.pietrek@asp.wroc.pl<\/a><\/p>\n<p>Wydawca<br \/><strong>Akademia Sztuk Pi\u0119knych im. Eugeniusza Gepperta we Wroc\u0142awiu<\/strong><\/p>\n<p>Adres redakcji:<br \/>Akademia Sztuk Pi\u0119knych im. Eugeniusza Gepperta we Wroc\u0142awiu<br \/>Pl. Polski 3\/4<br \/>50-156 Wroc\u0142aw<\/p>\n<p>Wsp\u00f3\u0142pracownicy:<br \/>Beata Bartecka, Aleksandra Czerniak, Dominika Drozdowska, Piotr Fere\u0144ski, Alexandra Ho\u0142ownia, Anna Kania-Saj, Hubert Kielan, Joanna Koby\u0142t, Hanna Kosto\u0142owska, Andrzej Kosto\u0142owski, Zyta Misztal von Blechinger, Anna Mitu\u015b, Zofia Reznik, Patrycja Sikora, Kama Wr\u00f3bel<\/p>\n<p>[\/et_pb_text][et_pb_divider color=&#8221;#000000&#8243; _builder_version=&#8221;4.16&#8243; _module_preset=&#8221;default&#8221; custom_margin=&#8221;||0px||false|false&#8221; global_colors_info=&#8221;{}&#8221;][\/et_pb_divider][et_pb_text _builder_version=&#8221;4.16.1&#8243; _module_preset=&#8221;default&#8221; global_colors_info=&#8221;{}&#8221;]<\/p>\n<p><strong>REKLAMA<\/strong><\/p>\n<p><span style=\"text-decoration: underline;\">Reklama w kwartalniku<\/span><\/p>\n<p>1. Plik Tiff lub PDF<br \/>2. Rozdzielczo\u015b\u0107: 300 DPI<br \/>3. Format: Szeroko\u015b\u0107: 23,4 cm, Wysoko\u015b\u0107: 30,4 cm<br \/>4. Spad: 0,3 cm<\/p>\n<p><span style=\"text-decoration: underline;\">Reklama w serwisie<\/span><\/p>\n<p>Wi\u0119cej informacji: <a href=\"mailto:a.klimczak-dobrzaniecka@asp.wroc.pl\">a.klimczak-dobrzaniecka@asp.wroc.pl<\/a>\u00a0<\/p>\n<p>[\/et_pb_text][\/et_pb_column][\/et_pb_row][\/et_pb_section]<\/p>\n","protected":false},"excerpt":{"rendered":"<p>Redaktor naczelnaAlicja Klimczak-Dobrzanieckaa.klimczak-dobrzaniecka@asp.wroc.pl Projekt (magazyn drukowany i strona www)Tomasz Pietrekt.pietrek@asp.wroc.pl WydawcaAkademia Sztuk Pi\u0119knych im. Eugeniusza Gepperta we Wroc\u0142awiu Adres redakcji:Akademia Sztuk Pi\u0119knych im. Eugeniusza Gepperta we Wroc\u0142awiuPl. Polski 3\/450-156 Wroc\u0142aw Wsp\u00f3\u0142pracownicy:Beata Bartecka, Aleksandra Czerniak, Dominika Drozdowska, Piotr Fere\u0144ski, Alexandra Ho\u0142ownia, Anna Kania-Saj, Hubert Kielan, Joanna Koby\u0142t, Hanna Kosto\u0142owska, Andrzej Kosto\u0142owski, Zyta Misztal von Blechinger, Anna [&hellip;]<\/p>\n","protected":false},"author":1,"featured_media":0,"parent":0,"menu_order":0,"comment_status":"closed","ping_status":"closed","template":"","meta":{"_et_pb_use_builder":"on","_et_pb_old_content":"","_et_gb_content_width":"","footnotes":""},"class_list":["post-92","page","type-page","status-publish","hentry"],"_links":{"self":[{"href":"https:\/\/format.asp.wroc.pl\/index.php\/wp-json\/wp\/v2\/pages\/92","targetHints":{"allow":["GET"]}}],"collection":[{"href":"https:\/\/format.asp.wroc.pl\/index.php\/wp-json\/wp\/v2\/pages"}],"about":[{"href":"https:\/\/format.asp.wroc.pl\/index.php\/wp-json\/wp\/v2\/types\/page"}],"author":[{"embeddable":true,"href":"https:\/\/format.asp.wroc.pl\/index.php\/wp-json\/wp\/v2\/users\/1"}],"replies":[{"embeddable":true,"href":"https:\/\/format.asp.wroc.pl\/index.php\/wp-json\/wp\/v2\/comments?post=92"}],"version-history":[{"count":5,"href":"https:\/\/format.asp.wroc.pl\/index.php\/wp-json\/wp\/v2\/pages\/92\/revisions"}],"predecessor-version":[{"id":3099,"href":"https:\/\/format.asp.wroc.pl\/index.php\/wp-json\/wp\/v2\/pages\/92\/revisions\/3099"}],"wp:attachment":[{"href":"https:\/\/format.asp.wroc.pl\/index.php\/wp-json\/wp\/v2\/media?parent=92"}],"curies":[{"name":"wp","href":"https:\/\/api.w.org\/{rel}","templated":true}]}}